{"id":147,"date":"2021-09-27T10:01:23","date_gmt":"2021-09-27T10:01:23","guid":{"rendered":"https:\/\/cmwrconference.org\/?page_id=147"},"modified":"2023-05-05T14:55:35","modified_gmt":"2023-05-05T14:55:35","slug":"committees","status":"publish","type":"page","link":"https:\/\/cmwrconference.org\/2022\/committees\/","title":{"rendered":"Committees"},"content":{"rendered":"\n<h2 class=\"wp-block-heading\">Local organizing committee<\/h2>\n\n\n\n<p>Adam Szymkiewicz (Gda\u0144sk University of Technology) &#8211; chairman<br>Beata Jaworska-Szulc (Gda\u0144sk University of Technology)<br>Pawe\u0142 Rowi\u0144ski (Institute of Geophysics, Polish Academy of Sciences)<br>Waldemar \u015awidzi\u0144ski (Institute of Hydro-Engineering, Polish Academy of Sciences)<br>Krzysztof Szarf (Gda\u0144sk University of Technology)<br>Witold Tisler (Gda\u0144sk University of Technology)<br>Marzena W\u00f3jcik (Gda\u0144sk University of Technology)<br>Anna Gumu\u0142a-Kaw\u0119cka (Gda\u0144sk University of Technology)<br>Dawid Potrykus (Polish Geological Institute \/ Gda\u0144sk University of Technology)<br><\/p>\n\n\n\n<h2 class=\"wp-block-heading\">CMWR committee<\/h2>\n\n\n\n<p>Rainer Helmig (University of Stuttgart)<br>Brent Sleep (University of Toronto)<br>Jean-Raynald de Dreuzy (University of Rennes)<br>Daniel Tartakowsky (Stanford University)<\/p>\n","protected":false},"excerpt":{"rendered":"<p>Local organizing committee Adam Szymkiewicz (Gda\u0144sk University of Technology) &#8211; chairmanBeata Jaworska-Szulc (Gda\u0144sk University of Technology)Pawe\u0142 Rowi\u0144ski (Institute of Geophysics, Polish Academy of Sciences)Waldemar \u015awidzi\u0144ski (Institute of Hydro-Engineering, Polish Academy of Sciences)Krzysztof Szarf (Gda\u0144sk University of Technology)Witold Tisler (Gda\u0144sk University of Technology)Marzena W\u00f3jcik (Gda\u0144sk University of Technology)Anna Gumu\u0142a-Kaw\u0119cka (Gda\u0144sk University of Technology)Dawid Potrykus (Polish Geological &hellip; <a href=\"https:\/\/cmwrconference.org\/2022\/committees\/\" class=\"more-link\">Continue reading <span class=\"screen-reader-text\">Committees<\/span> <span class=\"meta-nav\">&rarr;<\/span><\/a><\/p>\n","protected":false},"author":1,"featured_media":0,"parent":0,"menu_order":0,"comment_status":"closed","ping_status":"closed","template":"","meta":{"footnotes":""},"class_list":["post-147","page","type-page","status-publish","hentry"],"jetpack_sharing_enabled":true,"_links":{"self":[{"href":"https:\/\/cmwrconference.org\/2022\/wp-json\/wp\/v2\/pages\/147","targetHints":{"allow":["GET"]}}],"collection":[{"href":"https:\/\/cmwrconference.org\/2022\/wp-json\/wp\/v2\/pages"}],"about":[{"href":"https:\/\/cmwrconference.org\/2022\/wp-json\/wp\/v2\/types\/page"}],"author":[{"embeddable":true,"href":"https:\/\/cmwrconference.org\/2022\/wp-json\/wp\/v2\/users\/1"}],"replies":[{"embeddable":true,"href":"https:\/\/cmwrconference.org\/2022\/wp-json\/wp\/v2\/comments?post=147"}],"version-history":[{"count":5,"href":"https:\/\/cmwrconference.org\/2022\/wp-json\/wp\/v2\/pages\/147\/revisions"}],"predecessor-version":[{"id":787,"href":"https:\/\/cmwrconference.org\/2022\/wp-json\/wp\/v2\/pages\/147\/revisions\/787"}],"wp:attachment":[{"href":"https:\/\/cmwrconference.org\/2022\/wp-json\/wp\/v2\/media?parent=147"}],"curies":[{"name":"wp","href":"https:\/\/api.w.org\/{rel}","templated":true}]}}