{"id":703,"date":"2022-06-08T10:15:00","date_gmt":"2022-06-08T10:15:00","guid":{"rendered":"https:\/\/cmwrconference.org\/?page_id=703"},"modified":"2022-06-08T10:15:00","modified_gmt":"2022-06-08T10:15:00","slug":"social-events","status":"publish","type":"page","link":"https:\/\/cmwrconference.org\/2022\/social-events\/","title":{"rendered":"Social events"},"content":{"rendered":"\n<h3 class=\"wp-block-heading\">Gda\u0144sk Old Town tour, 19 June (Sunday)<\/h3>\n\n\n\n<p>The tour will start at 15:00. Participants will be divided in 3 groups, each one around 20-25 persons. The meeting point for the tour is Brama Wy\u017cynna (Upland Gate). It is within walking distance from many hotels in the downtown area of Gda\u0144sk. If you stay in Wrzeszcz district near the Gda\u0144sk University of Technology campus, you can take tram lines: 6 (direction \u0141ostowice \u015awi\u0119tokrzyska) or 9 (direction Stogi Pla\u017ca) and get off at stop Brama Wy\u017cynna.<\/p>\n\n\n<div class=\"wp-block-image\">\n<figure class=\"aligncenter size-full\"><img loading=\"lazy\" decoding=\"async\" width=\"576\" height=\"480\" src=\"https:\/\/cmwrconference.org\/wp-content\/uploads\/2022\/06\/576px-Puerta_Alta_Gdansk_Polonia_2013-05-20_DD_04.jpg\" alt=\"\" class=\"wp-image-711\" srcset=\"https:\/\/cmwrconference.org\/2022\/wp-content\/uploads\/2022\/06\/576px-Puerta_Alta_Gdansk_Polonia_2013-05-20_DD_04.jpg 576w, https:\/\/cmwrconference.org\/2022\/wp-content\/uploads\/2022\/06\/576px-Puerta_Alta_Gdansk_Polonia_2013-05-20_DD_04-300x250.jpg 300w, https:\/\/cmwrconference.org\/2022\/wp-content\/uploads\/2022\/06\/576px-Puerta_Alta_Gdansk_Polonia_2013-05-20_DD_04-480x400.jpg 480w\" sizes=\"auto, (max-width: 576px) 100vw, 576px\" \/><figcaption>Brama Wy\u017cynna (Upland Gate) <br>Author: Diego Delso, CC BY-SA 3.0, https:\/\/commons.wikimedia.org\/w\/index.php?curid=28125066<\/figcaption><\/figure>\n<\/div>\n\n\n<p>The tour will take you through the highlights of Gda\u0144sk cultural heritage and will end at the conference venue: Main Building of Gda\u0144sk University of Technology, around 17:00-17:30. There you can register for the conference and enjoy the icebreaker party.<\/p>\n\n\n\n<p>A part of the route will be by tram. Tickets will be provided by the organizers.<\/p>\n\n\n\n<h3 class=\"wp-block-heading\">Conference dinner, 22 June (Wednesday)<\/h3>\n\n\n\n<p>The dinner will be held from 19:00 to 24:00 in:<\/p>\n\n\n\n<p class=\"has-text-align-center\"><strong>&#8220;Filharmonia&#8221; restaurant, O\u0142owianka 1, 80-751 Gda\u0144sk<\/strong><\/p>\n\n\n\n<p>The restaurant is located on the island O\u0142owianka on Mot\u0142awa river, in the Old Town of Gda\u0144sk. It can be easily reached on foot from many hotels located near the Old Town. From Wrzeszcz district, you can take tram lines 6 (direction \u0141ostowice \u015awi\u0119tokrzyska), 9 (direction Stogi Pla\u017ca) or 12 (direction Lawendowe Wzg\u00f3rze) and get off at stop Dworzec G\u0142\u00f3wny (Main Railway Station). From there you will have about 20 minute walk to reach O\u0142owianka.<\/p>\n\n\n\n<div class=\"wp-block-buttons is-layout-flex wp-block-buttons-is-layout-flex\">\n<div class=\"wp-block-button\"><a class=\"wp-block-button__link\" href=\"https:\/\/restauracjafilharmonia.pl\/en\/\">Visit Filharmonia restaurant webpage<\/a><\/div>\n<\/div>\n\n\n\n<p><\/p>\n\n\n\n<figure class=\"wp-block-image size-full\"><img loading=\"lazy\" decoding=\"async\" width=\"831\" height=\"781\" src=\"https:\/\/cmwrconference.org\/wp-content\/uploads\/2022\/06\/mapka2.jpg\" alt=\"\" class=\"wp-image-704\" srcset=\"https:\/\/cmwrconference.org\/2022\/wp-content\/uploads\/2022\/06\/mapka2.jpg 831w, https:\/\/cmwrconference.org\/2022\/wp-content\/uploads\/2022\/06\/mapka2-300x282.jpg 300w, https:\/\/cmwrconference.org\/2022\/wp-content\/uploads\/2022\/06\/mapka2-768x722.jpg 768w, https:\/\/cmwrconference.org\/2022\/wp-content\/uploads\/2022\/06\/mapka2-700x658.jpg 700w, https:\/\/cmwrconference.org\/2022\/wp-content\/uploads\/2022\/06\/mapka2-426x400.jpg 426w\" sizes=\"auto, (max-width: 831px) 100vw, 831px\" \/><\/figure>\n","protected":false},"excerpt":{"rendered":"<p>Gda\u0144sk Old Town tour, 19 June (Sunday) The tour will start at 15:00. Participants will be divided in 3 groups, each one around 20-25 persons. The meeting point for the tour is Brama Wy\u017cynna (Upland Gate). It is within walking distance from many hotels in the downtown area of Gda\u0144sk. If you stay in Wrzeszcz &hellip; <a href=\"https:\/\/cmwrconference.org\/2022\/social-events\/\" class=\"more-link\">Continue reading <span class=\"screen-reader-text\">Social events<\/span> <span class=\"meta-nav\">&rarr;<\/span><\/a><\/p>\n","protected":false},"author":1,"featured_media":0,"parent":0,"menu_order":0,"comment_status":"closed","ping_status":"closed","template":"","meta":{"footnotes":""},"class_list":["post-703","page","type-page","status-publish","hentry"],"jetpack_sharing_enabled":true,"_links":{"self":[{"href":"https:\/\/cmwrconference.org\/2022\/wp-json\/wp\/v2\/pages\/703","targetHints":{"allow":["GET"]}}],"collection":[{"href":"https:\/\/cmwrconference.org\/2022\/wp-json\/wp\/v2\/pages"}],"about":[{"href":"https:\/\/cmwrconference.org\/2022\/wp-json\/wp\/v2\/types\/page"}],"author":[{"embeddable":true,"href":"https:\/\/cmwrconference.org\/2022\/wp-json\/wp\/v2\/users\/1"}],"replies":[{"embeddable":true,"href":"https:\/\/cmwrconference.org\/2022\/wp-json\/wp\/v2\/comments?post=703"}],"version-history":[{"count":7,"href":"https:\/\/cmwrconference.org\/2022\/wp-json\/wp\/v2\/pages\/703\/revisions"}],"predecessor-version":[{"id":722,"href":"https:\/\/cmwrconference.org\/2022\/wp-json\/wp\/v2\/pages\/703\/revisions\/722"}],"wp:attachment":[{"href":"https:\/\/cmwrconference.org\/2022\/wp-json\/wp\/v2\/media?parent=703"}],"curies":[{"name":"wp","href":"https:\/\/api.w.org\/{rel}","templated":true}]}}