{"id":737,"date":"2022-06-08T20:59:22","date_gmt":"2022-06-08T20:59:22","guid":{"rendered":"https:\/\/cmwrconference.org\/?page_id=737"},"modified":"2022-06-08T20:59:22","modified_gmt":"2022-06-08T20:59:22","slug":"getting-around-in-gdansk","status":"publish","type":"page","link":"https:\/\/cmwrconference.org\/2022\/getting-around-in-gdansk\/","title":{"rendered":"Getting around in Gda\u0144sk"},"content":{"rendered":"\n<h3 class=\"wp-block-heading\">From airport to city<\/h3>\n\n\n\n<p>The airport has a train connection with Gda\u0144sk Wrzeszcz railway station, within the walking distance from the conference venue (Gda\u0144sk University of Technology) and several hotels in Wrzeszcz district. If your hotel is near the Old Town, you have to take another train from Gda\u0144sk Wrzeszcz in the direction Gda\u0144sk \u015ar\u00f3dmie\u015bcie and get off at Gda\u0144sk G\u0142\u00f3wny (Main Railway station) or Gda\u0144sk \u015ar\u00f3dmie\u015bcie. Train tickets can be bought in the ticket machines on the platforms.<\/p>\n\n\n\n<p>Due to construction works along the airport train line, at Gda\u0144sk Wrzeszcz station and Gda\u0144sk G\u0142\u00f3wny station, some perturbations in travel can occur and the timetable changes often. Thus, taxi might be the easiest option to get to your hotel from the airport.<\/p>\n\n\n\n<h3 class=\"wp-block-heading\">Conference venue<\/h3>\n\n\n\n<p>Gda\u0144sk University of Technology can be easily reached by tram (stops Opera Ba\u0142tycka or Politechnika). If you stay near the Old Town, you can take the following lines from either Brama Wy\u017cynna or Dworzec G\u0142\u00f3wny tram stops:<\/p>\n\n\n\n<p>2 \u2013 direction Oliwa \/ Strzy\u017ca PKM, get off at Opera Ba\u0142tycka<\/p>\n\n\n\n<p>3 \u2013 direction Brze\u017ano Dom Zdrojowy \/ Nowy Port Zajezdnia, get off at Opera Ba\u0142tycka<\/p>\n\n\n\n<p>6 \u2013 direction Jelitkowo, get off at Politechnika<\/p>\n\n\n\n<p>9 \u2013 direction Strzy\u017ca PKM, get off at Politechnika<\/p>\n\n\n\n<p>From Dworzec G\u0142\u00f3wny, you can also take line 12 direction Oliwa and get off at Politechnika.<\/p>\n\n\n\n<p>Tram tickets can be bought in ticket machines located at many stops, including Brama Wy\u017cynna, Dworzec G\u0142\u00f3wny, Opera Ba\u0142tycka and Politechnika. It is not possible to buy tickets on the tram. A single ticket is 4.80 PLN (about 1.05 EUR).<\/p>\n\n\n\n<p>You can also take a taxi. In this case remember to give the name &#8220;Politechnika&#8221;  (Polish for University of Technology) and the address (Narutowicza street) to the driver to avoid confusion with other universities existing in Gda\u0144sk (University of Gda\u0144sk and Medical University of Gda\u0144sk).<\/p>\n\n\n\n<p>If you live in Tri-city area and plan to come by car, you can use the parking for guests of Gda\u0144sk University of Technology, in Fiszera street. Please give the conference name &#8220;CMWR&#8221; to the caretakers of the parking.<\/p>\n","protected":false},"excerpt":{"rendered":"<p>From airport to city The airport has a train connection with Gda\u0144sk Wrzeszcz railway station, within the walking distance from the conference venue (Gda\u0144sk University of Technology) and several hotels in Wrzeszcz district. If your hotel is near the Old Town, you have to take another train from Gda\u0144sk Wrzeszcz in the direction Gda\u0144sk \u015ar\u00f3dmie\u015bcie &hellip; <a href=\"https:\/\/cmwrconference.org\/2022\/getting-around-in-gdansk\/\" class=\"more-link\">Continue reading <span class=\"screen-reader-text\">Getting around in Gda\u0144sk<\/span> <span class=\"meta-nav\">&rarr;<\/span><\/a><\/p>\n","protected":false},"author":1,"featured_media":0,"parent":0,"menu_order":0,"comment_status":"closed","ping_status":"closed","template":"","meta":{"footnotes":""},"class_list":["post-737","page","type-page","status-publish","hentry"],"jetpack_sharing_enabled":true,"_links":{"self":[{"href":"https:\/\/cmwrconference.org\/2022\/wp-json\/wp\/v2\/pages\/737","targetHints":{"allow":["GET"]}}],"collection":[{"href":"https:\/\/cmwrconference.org\/2022\/wp-json\/wp\/v2\/pages"}],"about":[{"href":"https:\/\/cmwrconference.org\/2022\/wp-json\/wp\/v2\/types\/page"}],"author":[{"embeddable":true,"href":"https:\/\/cmwrconference.org\/2022\/wp-json\/wp\/v2\/users\/1"}],"replies":[{"embeddable":true,"href":"https:\/\/cmwrconference.org\/2022\/wp-json\/wp\/v2\/comments?post=737"}],"version-history":[{"count":2,"href":"https:\/\/cmwrconference.org\/2022\/wp-json\/wp\/v2\/pages\/737\/revisions"}],"predecessor-version":[{"id":739,"href":"https:\/\/cmwrconference.org\/2022\/wp-json\/wp\/v2\/pages\/737\/revisions\/739"}],"wp:attachment":[{"href":"https:\/\/cmwrconference.org\/2022\/wp-json\/wp\/v2\/media?parent=737"}],"curies":[{"name":"wp","href":"https:\/\/api.w.org\/{rel}","templated":true}]}}